{"id":496,"date":"2013-03-29T14:29:41","date_gmt":"2013-03-29T13:29:41","guid":{"rendered":"http:\/\/stanislasjourdan.fr\/?page_id=496"},"modified":"2024-09-17T15:38:23","modified_gmt":"2024-09-17T13:38:23","slug":"speaker-conferences","status":"publish","type":"page","link":"https:\/\/stanislasjourdan.fr\/en\/speaker-conferences\/","title":{"rendered":"Conferences &#038; Speeches"},"content":{"rendered":"\n<p>Stanislas Jourdan is a prolific and engaging conference speaker. He is regularly invited to participate in panels, debates, give speeches or presentations, and is also experienced as panel moderator or workshop facilitator (including using sociocracy). Stan speaks fluently English and French (native) and is proficient in Spanish.<\/p>\n\n\n\n<p>His core areas of expertise include: central banking &amp; monetary policy, Eurozone governance, universal basic income, sharing economy, digital currencies, deliberative democracy, sortition, and the European Citizens&#8217; Initiative (ECI).<\/p>\n\n\n\n<div class=\"wp-block-buttons is-content-justification-center is-layout-flex wp-container-core-buttons-is-layout-16018d1d wp-block-buttons-is-layout-flex\">\n<div class=\"wp-block-button\"><a class=\"wp-block-button__link has-white-color has-primary-background-color has-text-color has-background wp-element-button\" href=\"https:\/\/stanislasjourdan.fr\/en\/contact\/\">Contact me to discuss your next event.<\/a><\/div>\n<\/div>\n\n\n\n<hr class=\"wp-block-separator has-alpha-channel-opacity\"\/>\n\n\n\n<p><strong>Past events<\/strong><\/p>\n\n\n\n<p><strong>2024<\/strong><\/p>\n\n\n\n<ul class=\"wp-block-list\">\n<li>Speaker: <a href=\"https:\/\/www.i4ce.org\/evenements\/quels-leviers-prudentiels-monetaires-financer-transition-net-zero-climat\/\">Utiliser le levier mon\u00e9taire : pour un\u00a0\u00ab\u00a0taux vert\u00a0\u00bb\u00a0\u00e0 la BCE ?<\/a>, 10 Septembre 2024, I4CE, Caisse des d\u00e9p\u00f4ts et des consignations<\/li>\n<\/ul>\n\n\n\n<p><strong>2022<\/strong><\/p>\n\n\n\n<ul class=\"wp-block-list\">\n<li>Speaker: <a href=\"https:\/\/www.greens-efa.eu\/en\/article\/event\/greening-monetary-policy-in-times-of-soaring-inflation\">Greening Monetary Policy in times of soaring inflation<\/a>, 28th September 2022, European Parliament<\/li>\n\n\n\n<li>Speaker: <a href=\"https:\/\/www.renovate-europe.eu\/reday2022\/\">RED 2022: Renovating our buildings to Repower the EU<\/a>, October 27th, European Parliament<\/li>\n\n\n\n<li>Speaker: <a href=\"https:\/\/register.gotowebinar.com\/register\/7312185958414504715\">Launching the EU Renovation Loan<\/a>, November 3rd 2022<\/li>\n\n\n\n<li><span data-sheets-value=\"{&quot;1&quot;:2,&quot;2&quot;:&quot;The ECB\u2019s policies and inequality: impacts, trade-offs and the question of democratic accountability&quot;}\" data-sheets-userformat=\"{&quot;2&quot;:513,&quot;3&quot;:{&quot;1&quot;:0},&quot;12&quot;:0}\">Speaker: <a href=\"https:\/\/www.youtube.com\/watch?v=3Keybvd2GFM\">The ECB\u2019s policies and inequality: impacts, trade-offs and the question of democratic accountability<\/a>, Brussels, 23 June 2022<\/span><\/li>\n\n\n\n<li><span data-sheets-value=\"{&quot;1&quot;:2,&quot;2&quot;:&quot;Expert Roundtable: Alternative Ways to finance the Social Climate Fund&quot;}\" data-sheets-userformat=\"{&quot;2&quot;:513,&quot;3&quot;:{&quot;1&quot;:0},&quot;12&quot;:0}\">Speaker: <a href=\"https:\/\/www.youtube.com\/watch?v=YHe3uPeF7Vw\">Alternative Ways to finance the Social Climate Fund<\/a>, FEANTSA, 15 March 2022<\/span><\/li>\n\n\n\n<li>Speaker: <a href=\"https:\/\/www.youtube.com\/watch?v=9xCQMBvm52E\">Comment amorcer la vague de r\u00e9novations en Europe ?<\/a>, Paris, 29 Janvier 2022<\/li>\n<\/ul>\n\n\n\n<p><strong>2021<\/strong><\/p>\n\n\n\n<ul class=\"wp-block-list\">\n<li>Speaker: \u201c<a href=\"https:\/\/transformative-responses.org\/2020\/10\/16\/next-generation-central-banking\/\">Next Generation Central Banking: Climate Change, Inequality, Financial Instability<\/a>\u201d; online panel on digital euro, 4 February 2021<\/li>\n\n\n\n<li><a href=\"https:\/\/www.financite.be\/fr\/event\/modele-webullition-web-debat-conference-rencontre-jai-ecrit-pour-vous-titre-accrocheur\">R\u00e9former la BCE : mission possible !<\/a> Webinaire Financit\u00e9, 8 F\u00e9vrier 2021<\/li>\n\n\n\n<li>Speaker: Monetary Policy for the post-pandemic, online panel organised by MEPs Pedro Marques &amp; Danuta H\u00fcbner, 24 March 2021<\/li>\n<\/ul>\n\n\n\n<p><strong>2020<\/strong><\/p>\n\n\n\n<ul class=\"wp-block-list\">\n<li>Speaker: The ECB and ecological transformation, ETUC Seminar, 6 October 2020<\/li>\n\n\n\n<li><span style=\"font-size: 1rem;\">Speaker: <a href=\"https:\/\/www.eesc.europa.eu\/en\/agenda\/our-events\/events\/information-seminar-european-citizens-initiative\">Seminar on the European citizens&#8217; initiative<\/a><\/span><span style=\"font-size: 1rem;\">, EESC Paris, 18 February 2020<\/span><\/li>\n\n\n\n<li>Host: <a href=\"https:\/\/www.positivemoney.eu\/2020\/10\/webinar-green-tltros\/\">Webinar on Green TLTROs<\/a>, 12 Octobre 2020<\/li>\n\n\n\n<li><span style=\"font-size: 1rem;\">Speaker: Financing the green transition in Europe, University of Geneva 16 October<\/span><span style=\"font-size: 1rem;\">&nbsp;2020<\/span><\/li>\n\n\n\n<li>Speaker: <a href=\"https:\/\/www.positivemoney.eu\/2020\/10\/ecb-listens\/\">ECB Listens event<\/a>, 21 October 2020<\/li>\n<\/ul>\n\n\n\n<p><strong>2019<\/strong><\/p>\n\n\n\n<ul class=\"wp-block-list\">\n<li>Speaker: Central Banking an sustainability \u2013 a roadmap to 2020, New Economics Foundation, London, 19 March 2019<\/li>\n\n\n\n<li>Speaker: <a href=\"http:\/\/culture.cnam.fr\/mars\/le-revenu-de-base-un-defi-ou-une-opportunite-pour-l-europe--1037907.kjsp\">Basic income: a challenge for the Europe?<\/a> CNAM, Paris, 16 March 2019<\/li>\n\n\n\n<li>Speaker: <a href=\"https:\/\/www.positivemoney.eu\/2019\/03\/conference-democratic-ecb-gender-balance\/\">Building a Democratic and gender-balanced European Central Bank<\/a>, European Parliament, 9 April 2019<\/li>\n\n\n\n<li>Speaker: <a href=\"http:\/\/www.chair-energy-prosperity.org\/event\/verdir-politique-monetaire\/\">How to Green Monetary Policy<\/a>, Energy and prosperity seminar, Paris, 20 May 2019<\/li>\n\n\n\n<li>Speaker: The accountability of the European Central Bank, IPSOnomics seminar at the European Central Bank, Frankfurt, 21 May 2019<\/li>\n\n\n\n<li>Speaker: Towards a Social and Green New Deal, European Parliament, 26 Septembre 2019, Brussels<\/li>\n\n\n\n<li><a href=\"https:\/\/www.facebook.com\/events\/370935420468947\/\">D\u00e9bat: La cr\u00e9ation mon\u00e9taire peut-elle financer le revenu de base ?<\/a> Paris, le 18 Septembre<\/li>\n\n\n\n<li>Speaker:&nbsp;<em>Can we save the planet by printing money?<\/em> Rethinking Economics, Ghent, Belgium, 17 October 2019<\/li>\n\n\n\n<li>Intervenant: <a href=\"https:\/\/www.revenudebase.info\/actualites\/colloque-renforcer-le-contrat-social-quel-revenu-pour-une-societe-plus-solidaire\/\">Colloque \u00ab Renforcer le contrat social : quel revenu pour une soci\u00e9t\u00e9 plus solidaire ? \u00bb<\/a> S\u00e9nat, Paris, 28 Octobre 2019<\/li>\n<\/ul>\n\n\n\n<p><strong>2018<\/strong><\/p>\n\n\n\n<ul class=\"wp-block-list\">\n<li>Speaker: Money as a Commons, Le Havre, 4 December 2018<\/li>\n\n\n\n<li>Speaker: &#8220;<a href=\"https:\/\/www.hertie-school.org\/en\/events\/event-detail\/event\/after-the-crisis-the-evolution-and-future-of-ecb-accountability\/\">Contesting the Incontestable: The \u2018Post-Crisis\u2019 Accountability of the European Central Bank<\/a>&#8220;, Hertie School of Governance, 8 October 2018, Berlin<\/li>\n\n\n\n<li>Speaker: European Basic Income: why and how to get there?,&nbsp;<a href=\"https:\/\/www.postgrowth2018.eu\/basic-income\/\">PostGrowth Conference 2018<\/a>, European Parliament, Brussels<\/li>\n\n\n\n<li>Speaker&nbsp;: <a href=\"http:\/\/www.paris-europe.eu\/0123-1615-Financer-le-revenu-de-base-nouvelle-competence-des-Banques-Centrales.html\">Basic income: a new competence for central banks?<\/a>, Maison de l&#8217;Europe, Paris, 27 March 2018<\/li>\n\n\n\n<li>Moderator: <a href=\"http:\/\/www.positivemoney.eu\/2018\/06\/event-swiss-referendum\/\">Swiss referendum on sovereign money: too radical too soon?<\/a>, Brussels, 18 June 2018<\/li>\n\n\n\n<li>Organizer &amp; speaker: <a href=\"http:\/\/www.positivemoney.eu\/2018\/06\/launch-conference-highlights-videos\/\">Time to rethink the European Central Bank?<\/a>, Brussels, 23 May 2018<\/li>\n\n\n\n<li>Speaker: The role of the European Central Bank in the green transition, <a href=\"http:\/\/www.frdo-cfdd.be\/fr\/externe\/0102-plus-dargent-maintenant-pour-moins-de-carbone\">Conseil F\u00e9d\u00e9ral du D\u00e9veloppement durable<\/a>, 1 February 2018, Brussels<\/li>\n<\/ul>\n\n\n\n<p><strong>2017<\/strong><\/p>\n\n\n\n<ul class=\"wp-block-list\">\n<li>The democratic control of the ECB, Seminar at University Paris I, 18 December 2018, Paris<\/li>\n\n\n\n<li>Speaker: &#8220;Can helicopter money lead to basic income in Europe&#8221;,&nbsp;<a href=\"http:\/\/basicincome.org\/17th-bien-congress-portugal\/\">BIEN Congress<\/a>, Lisbon,&nbsp;26 Septembre<\/li>\n\n\n\n<li>Expert roundtable: Basic Income for Europe, Ljubljana, July 21st&nbsp;2017<\/li>\n\n\n\n<li><a href=\"http:\/\/www.qe4people.eu\/event_brussels_can_we_democratize_money_creation\">Can we democratize money creation?<\/a>, Brussels, June 29 (speaker)<\/li>\n\n\n\n<li>Seminar:&nbsp;<a href=\"http:\/\/www.qe4people.eu\/seminar_ecb_and_climate_change\">The European Central Bank and climate change<\/a>, Brussels, June 27 (organiser)<\/li>\n\n\n\n<li><a href=\"https:\/\/www.financite.be\/fr\/event\/et-si-largent-tombait-du-ciel-5\">Et si l&#8217;argent tombait du ciel ?<\/a>, Brussels, May 30&nbsp;(speaker)<\/li>\n\n\n\n<li>Speaker at <a href=\"http:\/\/www.greens-efa.eu\/en\/article\/european-ideas-lab\/\">European Green Ideas Lab<\/a>, Brussels, February 3d 2017<\/li>\n<\/ul>\n\n\n\n<p><strong>2016<\/strong><\/p>\n\n\n\n<ul class=\"wp-block-list\">\n<li>Speaker at &#8220;<a href=\"https:\/\/www.uclouvain.be\/512812.html\">Basic Income: A utopia for our times?<\/a>&#8220;, Louvain-la-Neuve University&nbsp;October 1st 2016<\/li>\n\n\n\n<li>Organizer for &#8220;<a href=\"http:\/\/www.qe4people.eu\/conference_qe_for_people_european_parliament?locale=en\">Quantitative easing for People: a rescue plan for the Eurozone?<\/a>&#8220;, European Parliament, February 17th 2016<\/li>\n<\/ul>\n\n\n\n<p><strong>2015<\/strong><\/p>\n\n\n\n<ul class=\"wp-block-list\">\n<li>Speaker at &#8220;<a href=\"http:\/\/www.consilium.europa.eu\/en\/general-secretariat\/events\/eci-conference\/\">The European citizens&#8217; initiative and the promise of participatory democracy<\/a>&#8220;,&nbsp;EU Council,&nbsp;June 16th<\/li>\n\n\n\n<li>Speaker at <a href=\"http:\/\/www.basicincomeireland.com\/2015-summer-forum-signup.html\">Basic Income Ireland Summer Forum<\/a>, on the case for an EU-wide basic income, Dublin, June 13th<\/li>\n\n\n\n<li>Speaker: <a href=\"http:\/\/www.societefrancaisedeprospective.fr\/23-avril-journee-exploratoire-les-nouveaux-modeles-economiques-vers-une-deconnexion-revenu-travail\/\">Nouveaux mod\u00e8les \u00e9conomiques : vers une d\u00e9connexion revenu \/ travail ?<\/a>, Soci\u00e9t\u00e9 Fran\u00e7aise de Prospective, Paris, April 23rd<\/li>\n\n\n\n<li>Moderator at &#8220;<a href=\"http:\/\/democratieouverte.org\/blog\/conf%C3%A9rence-la-participation-des-citoyens\">Citizens&#8217; participation from local to European Level<\/a>&#8220;, French National Assembly, March 30th<\/li>\n<\/ul>\n\n\n\n<p><strong>2014<\/strong><\/p>\n\n\n\n<ul class=\"wp-block-list\">\n<li>Rapporteur &amp; Moderator at workshop &#8220;<a href=\"http:\/\/www.ecicampaign.org\/a-european-citizens-initiative-for-the-next-generation\/\">A European Citizens&#8217; Initiative for the Next Generations<\/a>&#8220;, october 14th, Brussels<\/li>\n\n\n\n<li>Screening: &#8220;<a href=\"revenudebase.info\/evenement\/cine-debat-revenu-vie-marseille\/\">An income for life<\/a>&#8220;, october 20th, Marseille<\/li>\n<\/ul>\n\n\n\n<ul class=\"wp-block-list\">\n<li>Panelist at the conference&nbsp;<em><a href=\"http:\/\/ubie.org\/event\/athens-basic-income-vision-future\/\">Basic Income: a vision of the future<\/a>,<\/em>&nbsp;UBI-Europe, Athens, september 26th<\/li>\n\n\n\n<li>&#8220;Social Experiments on basic income&#8221;, presentation at the&nbsp;<a href=\"http:\/\/universite.revenudebase.info\/\">Summer University on Basic Income<\/a>, P\u00e9rigueux, France (21-23 August)<\/li>\n\n\n\n<li>Plenary panelist on european initiatives for basic income at the&nbsp;<a href=\"http:\/\/www.biencongress2014.com\/\">Basic Income Earth Network Congress<\/a>, Montreal, 28 juin 2014<\/li>\n\n\n\n<li>Feedbacks on the European Citizens&#8217; Initiative,&nbsp;<a href=\"http:\/\/gef.eu\/event\/gef-transnational-seminar-on-european-democracy\/\">Transnational Seminar on European Democracy<\/a>, Green European Foundation, Brussels, june 6th 2014<\/li>\n\n\n\n<li>Presentation on basic income, European Social Insurance Platform (ESIP), May 13, 2014<\/li>\n\n\n\n<li>&#8220;Travailler pour un revenu ou un revenu pour travailler ?&#8221;, Conf\u00e9rence avec Jean-\u00c9ric Hyafil au Chateau des Gr\u00e9sillons, 15 mai 2014<\/li>\n\n\n\n<li>Introduction on basic income, Paris, march 22, 2014<\/li>\n\n\n\n<li>Debate on the strategy for trade unions, &#8220;<a href=\"http:\/\/transform-network.net\/de\/kalender\/calendar-2014\/news\/detail\/Calendar\/alter-eu-beyond-the-social-dimension-of-the-emu-1.html\">Beyond the Social Dimension of the EMU<\/a>&#8220;, Helsinki, march 28-29th 2014<\/li>\n\n\n\n<li>Keynote speaker,&nbsp;<a title=\"seminar basic income\" href=\"http:\/\/perustulo.org\/2014\/03\/seminar-basic-income-for-europe\/\">A basic income for Europe?<\/a>, seminar by BIEN Finland, Helsinki, 31 mars 2014<\/li>\n\n\n\n<li>Panelist at&nbsp;<a href=\"http:\/\/basicincome-europe.org\/ubie\/event\/ubie-conference-brussels\/\">Unconditional Basic Income &#8211; Emancipating European Welfare<\/a>, conference at the EESC, Brussels, april 10th 2014<\/li>\n\n\n\n<li>Panelist at&nbsp;<a href=\"http:\/\/www.eesc.europa.eu\/?i=portal.en.events-and-activities-eci-day-2014\">ECI DAY 2014: Building up success<\/a>, Brussels, april 15th 2014<\/li>\n<\/ul>\n\n\n\n<p><strong>2013<\/strong><\/p>\n\n\n\n<ul class=\"wp-block-list\">\n<li><a href=\"http:\/\/revenudebase.info\/evenement\/revenu-de-base-europeen-strasbourg\/\">Pr\u00e9sentation et d\u00e9bat sur le revenu de base avec Carl Schlyter<\/a>, Strasbourg, november 9th 2013<\/li>\n\n\n\n<li>Pr\u00e9sentation et d\u00e9bat sur le revenu de base, Peillac, october 31st 2013<\/li>\n\n\n\n<li>Pr\u00e9sentation et d\u00e9bat sur le revenu de base, Redon, october 30th 2013<\/li>\n\n\n\n<li>Pr\u00e9sentation et d\u00e9bat sur le revenu de base \u00e0 la Cantine de Rennes, october 28th 2013<\/li>\n\n\n\n<li><a href=\"http:\/\/www.lochsel.eu\/conference-sur-le-revenu-de-base\/\">&#8220;Le revenu de base, une utopie face \u00e0 la convergence des crises&#8221;<\/a>, conf\u00e9rence, Lochrist, october 27th 2013<\/li>\n\n\n\n<li><a href=\"http:\/\/www.maisoneurope-brest.eu\/index.php?2013\/10\/30\/369-retour-sur-la-soiree-debat-democratie-participative-le-citoyen-peut-il-agir-pour-leurope-de-demain\">Pr\u00e9sentation et d\u00e9bat autour de l&#8217;initiative citoyenne europ\u00e9enne<\/a>, Lannion, october 25 2013<\/li>\n\n\n\n<li><a href=\"http:\/\/www.lafonderie-idf.fr\/event\/internet-detruit-les-emplois-et-apres\">&#8220;Internet d\u00e9truit-il des emplois ?&#8221;<\/a>, pr\u00e9sentation et d\u00e9bat avec OuiShare, Paris, october 23th 2013<\/li>\n\n\n\n<li>D\u00e9bat sur le financement du revenu de base avec le Mouvement des Lib\u00e9raux de Gauche, Paris, october 9th 2013<\/li>\n\n\n\n<li>Le revenu de base, une utopie face \u00e0 la convergence des crises&#8221;, conf\u00e9rence \u00e0 l&#8217;IRTS, Metz, october 2nd 2013<\/li>\n\n\n\n<li><a href=\"https:\/\/stanislasjourdan.fr\/en\/2013\/09\/18\/speech-in-berlin-the-political-class-must-address-the-contradictions-of-the-system-they-are-defending\/\">&#8220;Grundeinkommen ist ein Menschenrecht!&#8221;<\/a> speech in Berlin, september 14th 2013<\/li>\n\n\n\n<li>&#8220;Basic income and the collaborative economy&#8221;, presentation at the Basic Income Summer School, Braga, july 18-20, 2013<\/li>\n\n\n\n<li>Debate on the european initiative for Basic Income, Lisbon, july 10th 2013<\/li>\n\n\n\n<li>&#8220;Basic income in France: From grass-root renewal to the political action&#8221;, presentation at <a title=\"basic income french\" href=\"https:\/\/stanislasjourdan.fr\/en\/2013\/06\/19\/basic-income-france\/\">Umverteilens Kongress<\/a>, Berlin, may 27th 2013<\/li>\n\n\n\n<li><a href=\"http:\/\/bien.ch\/fr\/node\/708\">\u00c9conomie collaborative et Revenu de base<\/a>, conf\u00e9rence \u00e0 Fribourg, BIEN Suisse, may 19th 2013<\/li>\n\n\n\n<li><a href=\"http:\/\/bien.ch\/fr\/node\/708\">\u00c9conomie collaborative et Revenu de base<\/a>, conf\u00e9rence \u00e0 Neuch\u00e2tel, BIEN Suisse, may 15th 2013<\/li>\n\n\n\n<li>Debate and introduction of the European Citizens&#8217; Initiative, Athens, April 25th 2013<\/li>\n\n\n\n<li>&#8220;Le revenu de base, Utopie ou pragmatisme?&#8221;, pr\u00e9sentation \u00e0 Rouen, march 22nd 2013<\/li>\n\n\n\n<li>&#8220;Le revenu de base, Utopie ou pragmatisme?&#8221;, pr\u00e9sentation \u00e0 Caen, march 17th 2013<\/li>\n\n\n\n<li>&#8220;Le revenu de base, Utopie ou pragmatisme?&#8221;, pr\u00e9sentation \u00e0 Rennes, Maison de l&#8217;Europe, march 15th 2013<\/li>\n<\/ul>\n","protected":false},"excerpt":{"rendered":"<p>Stanislas Jourdan is a prolific and engaging conference speaker. He is regularly invited to participate in panels, debates, give speeches or presentations, and is also experienced as panel moderator or workshop facilitator (including using sociocracy). Stan speaks fluently English and French (native) and is proficient in Spanish. His core areas of expertise include: central banking &amp; monetary policy, Eurozone governance,<\/p>\n","protected":false},"author":1,"featured_media":6680,"parent":0,"menu_order":0,"comment_status":"closed","ping_status":"closed","template":"","meta":{"jetpack_post_was_ever_published":false,"footnotes":"","_links_to":"","_links_to_target":""},"class_list":["post-496","page","type-page","status-publish","has-post-thumbnail","hentry"],"jetpack_sharing_enabled":true,"jetpack_shortlink":"https:\/\/wp.me\/P2om4O-80","_links":{"self":[{"href":"https:\/\/stanislasjourdan.fr\/en\/wp-json\/wp\/v2\/pages\/496","targetHints":{"allow":["GET"]}}],"collection":[{"href":"https:\/\/stanislasjourdan.fr\/en\/wp-json\/wp\/v2\/pages"}],"about":[{"href":"https:\/\/stanislasjourdan.fr\/en\/wp-json\/wp\/v2\/types\/page"}],"author":[{"embeddable":true,"href":"https:\/\/stanislasjourdan.fr\/en\/wp-json\/wp\/v2\/users\/1"}],"replies":[{"embeddable":true,"href":"https:\/\/stanislasjourdan.fr\/en\/wp-json\/wp\/v2\/comments?post=496"}],"version-history":[{"count":57,"href":"https:\/\/stanislasjourdan.fr\/en\/wp-json\/wp\/v2\/pages\/496\/revisions"}],"predecessor-version":[{"id":12014,"href":"https:\/\/stanislasjourdan.fr\/en\/wp-json\/wp\/v2\/pages\/496\/revisions\/12014"}],"wp:featuredmedia":[{"embeddable":true,"href":"https:\/\/stanislasjourdan.fr\/en\/wp-json\/wp\/v2\/media\/6680"}],"wp:attachment":[{"href":"https:\/\/stanislasjourdan.fr\/en\/wp-json\/wp\/v2\/media?parent=496"}],"curies":[{"name":"wp","href":"https:\/\/api.w.org\/{rel}","templated":true}]}}